{"id":81,"date":"2019-09-17T14:36:17","date_gmt":"2019-09-17T12:36:17","guid":{"rendered":"http:\/\/www.jansons-fuerth.de\/musikunterricht-dossmann-janson\/?page_id=81"},"modified":"2022-03-29T16:02:42","modified_gmt":"2022-03-29T14:02:42","slug":"konditionen","status":"publish","type":"page","link":"https:\/\/www.jansons-fuerth.de\/musikunterricht-dossmann-janson\/konditionen\/","title":{"rendered":"Konditionen"},"content":{"rendered":"\n<p>Unterricht in den Instrumenten Klavier und Querfl\u00f6te f\u00fcr Kinder, Jugendliche und Erwachsene.  Der Unterricht wird prim\u00e4r als Einzelunterricht erteilt. Bei g\u00fcnstigen Voraussetzungen sind im Fach Querfl\u00f6te Gruppen mit 2-3 Sch\u00fclern m\u00f6glich. Das vertraglich geregelte Unterrichtsverh\u00e4ltnis schlie\u00dft eine Probezeit von 8 Stunden ein. Au\u00dferdem kann der Unterrichtsvertrag zum 1.M\u00e4rz oder zum 1. September gek\u00fcndigt werden. W\u00e4hrend der Ferien und an Feiertagen entf\u00e4llt der Unterricht entsprechend der <a aria-label=\"Bayerischen Schulferienordnung. (\u00f6ffnet in neuem Tab)\" href=\"https:\/\/www.km.bayern.de\/ministerium\/termine\/ferientermine.html\" target=\"_blank\" rel=\"noreferrer noopener\">Bayerischen Schulferienordnung.<\/a><\/p>\n\n\n\n<h3 class=\"wp-block-heading\"> Unterrichtsgeb\u00fchren pro Monat: <\/h3>\n\n\n\n<div class=\"table lehrer lehrerheadlinetable\">\n<div class=\"table-row\">\n<div class=\"table-cell\">\n  <strong class=\"lehrerheadlinetabletd\">Unterrichtsart <\/strong>      \n<\/div>\n<div class=\"table-cell\">\n  <strong class=\"lehrerheadlinetabletd\">30 Min.<\/strong>\n<\/div>\n<div class=\"table-cell\">\n    <strong class=\"lehrerheadlinetabletd\">45 Min.<\/strong>\n<\/div>\n<div class=\"table-cell\">\n    <strong class=\"lehrerheadlinetabletd\">60 Min.<\/strong>\n<\/div>\n<\/div>\n<\/div>\n\n\n\n<div class=\"table lehrer\">\n<div class=\"table-row\">\n<div class=\"table-cell\">   \n   <strong class=\"lehrerheadlineBlock\">Einzelunterricht<\/strong>\n<\/div>\n<div class=\"table-cell\">\n      <strong class=\"lehrerheadline\">30 Min.<\/strong> 75,00 \u20ac<\/div>\n<div class=\"table-cell\">\n    <strong class=\"lehrerheadline\">45 Min.<\/strong> 97,50 \u20ac<\/div>\n<div class=\"table-cell\">\n    <strong class=\"lehrerheadline\">60 Min.<\/strong>120,00 \u20ac<\/div>\n<\/div>\n<\/div>\n\n\n\n<div class=\"table lehrer\">\n<div class=\"table-row\">\n<div class=\"table-cell\">    \n   <strong class=\"lehrerheadlineBlock\">Gruppenunterricht zu Zweit pro Teilnehmer<\/strong>\n<\/div>\n<div class=\"table-cell\">\n      <strong class=\"lehrerheadline\">30 Min.<\/strong> &#8212; <\/div>\n<div class=\"table-cell\">\n    <strong class=\"lehrerheadline\">45 Min.<\/strong> 75,00 \u20ac<\/div>\n<div class=\"table-cell\">\n    <strong class=\"lehrerheadline\">60 Min.<\/strong> 97,50 \u20ac<\/div>\n<\/div>\n<\/div>\n\n\n\n<div class=\"table lehrer\">\n<div class=\"table-row\">\n<div class=\"table-cell\">  \n   <strong class=\"lehrerheadlineBlock\">Gruppenunterricht zu Dritt pro Teilnehmer<\/strong>\n<\/div>\n<div class=\"table-cell\">\n      <strong class=\"lehrerheadline\">30 Min.<\/strong> &#8212; <\/div>\n<div class=\"table-cell\">\n    <strong class=\"lehrerheadline\">45 Min.<\/strong> &#8212; <\/div>\n<div class=\"table-cell\">\n    <strong class=\"lehrerheadline\">60 Min.<\/strong>70 \u20ac<\/div>\n<\/div>\n<\/div>\n\n\n\n<div class=\"table lehrer\">\n<div class=\"table-row\">\n<div class=\"table-cell\">  \n  <strong class=\"lehrerheadlineBlock\">Ensemblestunden<\/strong>\n<\/div>\n<div class=\"table-cell\">\n      <strong class=\"lehrerheadline\">30 Min.<\/strong> &#8212; <\/div>\n<div class=\"table-cell\">\n    <strong class=\"lehrerheadline\">45 Min.<\/strong> frei <\/div>\n<div class=\"table-cell\">\n    <strong class=\"lehrerheadline\">60 Min.<\/strong> frei <\/div>\n<\/div>\n<\/div>\n\n\n\n<div class=\"table lehrer\">\n<div class=\"table-row\">\n<div class=\"table-cell\">\n  <strong class=\"lehrerheadlineBlock\">Zusatzstunden Nov. \u2013 Jan. f\u00fcr den RW \u201cJugend musiziert\u201d<\/strong>\n<\/div>\n<div class=\"table-cell\">\n      <strong class=\"lehrerheadline\">30 Min.<\/strong> &#8212; <\/div>\n<div class=\"table-cell\">\n    <strong class=\"lehrerheadline\">45 Min.<\/strong> frei <\/div>\n<div class=\"table-cell\">\n    <strong class=\"lehrerheadline\">60 Min.<\/strong> frei <\/div>\n<\/div>\n<\/div>\n\n\n\n<div class=\"table lehrer\">\n<div class=\"table-row\">\n<div class=\"table-cell\">\n  <strong class=\"lehrerheadlineBlock\">Probeunterricht<\/strong>\n<\/div>\n<div class=\"table-cell\">\n      <strong class=\"lehrerheadline\">30 Min.<\/strong> frei <\/div>\n<div class=\"table-cell\">\n    <strong class=\"lehrerheadline\">45 Min.<\/strong> frei <\/div>\n<div class=\"table-cell\">\n    <strong class=\"lehrerheadline\">60 Min.<\/strong> frei <\/div>\n<\/div>\n<\/div>\n\n\n\n<p><\/p>\n","protected":false},"excerpt":{"rendered":"<p>Unterricht in den Instrumenten Klavier und Querfl\u00f6te f\u00fcr Kinder, Jugendliche und Erwachsene. Der Unterricht wird prim\u00e4r als Einzelunterricht erteilt. Bei g\u00fcnstigen Voraussetzungen sind im Fach Querfl\u00f6te Gruppen mit 2-3 Sch\u00fclern m\u00f6glich. Das vertraglich geregelte Unterrichtsverh\u00e4ltnis schlie\u00dft eine Probezeit von 8<span class=\"ellipsis\">&hellip;<\/span><\/p>\n<div class=\"read-more\"><a href=\"https:\/\/www.jansons-fuerth.de\/musikunterricht-dossmann-janson\/konditionen\/\">Weiterlesen &#8250;<\/a><\/div>\n<p><!-- end of .read-more --><\/p>\n","protected":false},"author":1,"featured_media":0,"parent":0,"menu_order":0,"comment_status":"closed","ping_status":"closed","template":"full-width-page.php","meta":{"ngg_post_thumbnail":0,"footnotes":""},"class_list":["post-81","page","type-page","status-publish","hentry"],"_links":{"self":[{"href":"https:\/\/www.jansons-fuerth.de\/musikunterricht-dossmann-janson\/wp-json\/wp\/v2\/pages\/81","targetHints":{"allow":["GET"]}}],"collection":[{"href":"https:\/\/www.jansons-fuerth.de\/musikunterricht-dossmann-janson\/wp-json\/wp\/v2\/pages"}],"about":[{"href":"https:\/\/www.jansons-fuerth.de\/musikunterricht-dossmann-janson\/wp-json\/wp\/v2\/types\/page"}],"author":[{"embeddable":true,"href":"https:\/\/www.jansons-fuerth.de\/musikunterricht-dossmann-janson\/wp-json\/wp\/v2\/users\/1"}],"replies":[{"embeddable":true,"href":"https:\/\/www.jansons-fuerth.de\/musikunterricht-dossmann-janson\/wp-json\/wp\/v2\/comments?post=81"}],"version-history":[{"count":15,"href":"https:\/\/www.jansons-fuerth.de\/musikunterricht-dossmann-janson\/wp-json\/wp\/v2\/pages\/81\/revisions"}],"predecessor-version":[{"id":352,"href":"https:\/\/www.jansons-fuerth.de\/musikunterricht-dossmann-janson\/wp-json\/wp\/v2\/pages\/81\/revisions\/352"}],"wp:attachment":[{"href":"https:\/\/www.jansons-fuerth.de\/musikunterricht-dossmann-janson\/wp-json\/wp\/v2\/media?parent=81"}],"curies":[{"name":"wp","href":"https:\/\/api.w.org\/{rel}","templated":true}]}}