{"id":38,"date":"2019-09-13T10:21:47","date_gmt":"2019-09-13T08:21:47","guid":{"rendered":"http:\/\/www.jansons-fuerth.de\/musikunterricht-dossmann-janson\/?page_id=38"},"modified":"2019-09-13T10:55:15","modified_gmt":"2019-09-13T08:55:15","slug":"warum","status":"publish","type":"page","link":"https:\/\/www.jansons-fuerth.de\/musikunterricht-dossmann-janson\/warum\/","title":{"rendered":"Warum?"},"content":{"rendered":"\n<div class=\"wp-block-image imgRahmen\"><figure class=\"alignright\"><img loading=\"lazy\" decoding=\"async\" width=\"287\" height=\"179\" src=\"http:\/\/www.jansons-fuerth.de\/musikunterricht-dossmann-janson\/wp-content\/uploads\/2019\/09\/piano.jpg\" alt=\"\" class=\"wp-image-39\" srcset=\"https:\/\/www.jansons-fuerth.de\/musikunterricht-dossmann-janson\/wp-content\/uploads\/2019\/09\/piano.jpg 287w, https:\/\/www.jansons-fuerth.de\/musikunterricht-dossmann-janson\/wp-content\/uploads\/2019\/09\/piano-100x62.jpg 100w, https:\/\/www.jansons-fuerth.de\/musikunterricht-dossmann-janson\/wp-content\/uploads\/2019\/09\/piano-150x94.jpg 150w, https:\/\/www.jansons-fuerth.de\/musikunterricht-dossmann-janson\/wp-content\/uploads\/2019\/09\/piano-200x125.jpg 200w\" sizes=\"auto, (max-width: 287px) 100vw, 287px\" \/><\/figure><\/div>\n\n\n\n<p>Das Erlernen eines Instruments spielt eine wichtige Rolle bei der Entwicklung der kognitiven und kreativen F\u00e4higkeiten. Im Idealfall besucht ein Kind bereits im Vorschulalter eines der verbreiteten Angebote f\u00fcr musikalische Fr\u00fcherziehung. Daneben kann schon in diesem Alter einem vorhandenen Interesse an einem speziellen Instrument nachgegangen werden.<\/p>\n\n\n\n<div class=\"wp-block-image imgRahmen\"><figure class=\"alignleft\"><img loading=\"lazy\" decoding=\"async\" width=\"225\" height=\"300\" src=\"http:\/\/www.jansons-fuerth.de\/musikunterricht-dossmann-janson\/wp-content\/uploads\/2019\/09\/QZ5-300px-1.jpg\" alt=\"\" class=\"wp-image-40\" srcset=\"https:\/\/www.jansons-fuerth.de\/musikunterricht-dossmann-janson\/wp-content\/uploads\/2019\/09\/QZ5-300px-1.jpg 225w, https:\/\/www.jansons-fuerth.de\/musikunterricht-dossmann-janson\/wp-content\/uploads\/2019\/09\/QZ5-300px-1-100x133.jpg 100w, https:\/\/www.jansons-fuerth.de\/musikunterricht-dossmann-janson\/wp-content\/uploads\/2019\/09\/QZ5-300px-1-150x200.jpg 150w, https:\/\/www.jansons-fuerth.de\/musikunterricht-dossmann-janson\/wp-content\/uploads\/2019\/09\/QZ5-300px-1-200x267.jpg 200w\" sizes=\"auto, (max-width: 225px) 100vw, 225px\" \/><\/figure><\/div>\n\n\n\n<p>Unsere \u201cJ\u00fcngsten\u201d beginnen schon mal mit 4-5 Jahren Klavier zu spielen. Die Anforderungen richten sich nach den F\u00e4higkeiten des einzelnen Sch\u00fclers und werden mit zunehmendem Alter dem individuellen Entwicklungsstand angepasst.\n\nErwachsenen Neu- oder Wiedereinsteigern wird selbstverst\u00e4ndlich ein auf die pers\u00f6nlichen Bed\u00fcrfnisse und Vorlieben gestaltetes Unterrichtsprogramm geboten.\n\nDie Unterrichtsinhalte umfassen die verschiedenen musikalischen Stilrichtungen genauso wie eine gute Basis an theoretischem Grundwissen und die pers. Vorlieben des\/der Lernenden. Daneben bieten wir auch berufsvorbereitenden Unterricht an, der zur Vorbereitung auf die Zulassungspr\u00fcfungen von Berufsschulen, Konservatorien oder Hochschulen dient.\n\nDas Thema \u201cJugend musiziert\u201d st\u00f6sst bei uns ebenfalls auf bereitwilliges Geh\u00f6hr. Geeignete Sch\u00fcler k\u00f6nnen sich \u00fcber freiwillige und kostenlose Vorbereitung auf diesen jugendf\u00f6rdernden Wettbewerb freuen.\n<\/p>\n","protected":false},"excerpt":{"rendered":"<p>Das Erlernen eines Instruments spielt eine wichtige Rolle bei der Entwicklung der kognitiven und kreativen F\u00e4higkeiten. Im Idealfall besucht ein Kind bereits im Vorschulalter eines der verbreiteten Angebote f\u00fcr musikalische Fr\u00fcherziehung. Daneben kann schon in diesem Alter einem vorhandenen Interesse<span class=\"ellipsis\">&hellip;<\/span><\/p>\n<div class=\"read-more\"><a href=\"https:\/\/www.jansons-fuerth.de\/musikunterricht-dossmann-janson\/warum\/\">Weiterlesen &#8250;<\/a><\/div>\n<p><!-- end of .read-more --><\/p>\n","protected":false},"author":1,"featured_media":0,"parent":0,"menu_order":0,"comment_status":"closed","ping_status":"closed","template":"full-width-page.php","meta":{"ngg_post_thumbnail":0,"footnotes":""},"class_list":["post-38","page","type-page","status-publish","hentry"],"_links":{"self":[{"href":"https:\/\/www.jansons-fuerth.de\/musikunterricht-dossmann-janson\/wp-json\/wp\/v2\/pages\/38","targetHints":{"allow":["GET"]}}],"collection":[{"href":"https:\/\/www.jansons-fuerth.de\/musikunterricht-dossmann-janson\/wp-json\/wp\/v2\/pages"}],"about":[{"href":"https:\/\/www.jansons-fuerth.de\/musikunterricht-dossmann-janson\/wp-json\/wp\/v2\/types\/page"}],"author":[{"embeddable":true,"href":"https:\/\/www.jansons-fuerth.de\/musikunterricht-dossmann-janson\/wp-json\/wp\/v2\/users\/1"}],"replies":[{"embeddable":true,"href":"https:\/\/www.jansons-fuerth.de\/musikunterricht-dossmann-janson\/wp-json\/wp\/v2\/comments?post=38"}],"version-history":[{"count":6,"href":"https:\/\/www.jansons-fuerth.de\/musikunterricht-dossmann-janson\/wp-json\/wp\/v2\/pages\/38\/revisions"}],"predecessor-version":[{"id":53,"href":"https:\/\/www.jansons-fuerth.de\/musikunterricht-dossmann-janson\/wp-json\/wp\/v2\/pages\/38\/revisions\/53"}],"wp:attachment":[{"href":"https:\/\/www.jansons-fuerth.de\/musikunterricht-dossmann-janson\/wp-json\/wp\/v2\/media?parent=38"}],"curies":[{"name":"wp","href":"https:\/\/api.w.org\/{rel}","templated":true}]}}