{"id":252,"date":"2019-11-04T23:52:41","date_gmt":"2019-11-04T22:52:41","guid":{"rendered":"http:\/\/www.jansons-fuerth.de\/musikunterricht-dossmann-janson\/?page_id=252"},"modified":"2020-11-18T16:53:02","modified_gmt":"2020-11-18T15:53:02","slug":"presse","status":"publish","type":"page","link":"https:\/\/www.jansons-fuerth.de\/musikunterricht-dossmann-janson\/presse\/","title":{"rendered":"Presse"},"content":{"rendered":"\n<p> Hier finden Sie Presseberichte und Zeitungsausschnitte, die sich mit unserer Arbeit und unserer Motivation befassen.<\/p>\n\n\n\n<ul class=\"wp-block-list\"><li><a href=\"#schueler\">Sch\u00fcler in der \u00d6ffentlichkeit<\/a><\/li><li><a href=\"#kompositionen\">Kompositionen \/ Urauff\u00fchrungen<\/a><\/li><\/ul>\n\n\n\n<hr class=\"wp-block-separator\"\/>\n\n\n\n<h2 class=\"wp-block-heading\" id=\"schueler\"> <strong>Sch\u00fcler in der \u00d6ffentlichkeit<\/strong> <\/h2>\n\n\n\n<hr class=\"wp-block-separator\"\/>\n\n\n\n<figure class=\"wp-block-image imgRahmen\"><img loading=\"lazy\" decoding=\"async\" width=\"435\" height=\"674\" src=\"http:\/\/www.jansons-fuerth.de\/musikunterricht-dossmann-janson\/wp-content\/uploads\/2019\/12\/Joerg-Klavierabend-in-Zdf.jpg\" alt=\"Klavierabend J\u00f6rg Drechsler in Zirndorf\" class=\"wp-image-267\" srcset=\"https:\/\/www.jansons-fuerth.de\/musikunterricht-dossmann-janson\/wp-content\/uploads\/2019\/12\/Joerg-Klavierabend-in-Zdf.jpg 435w, https:\/\/www.jansons-fuerth.de\/musikunterricht-dossmann-janson\/wp-content\/uploads\/2019\/12\/Joerg-Klavierabend-in-Zdf-194x300.jpg 194w, https:\/\/www.jansons-fuerth.de\/musikunterricht-dossmann-janson\/wp-content\/uploads\/2019\/12\/Joerg-Klavierabend-in-Zdf-100x155.jpg 100w, https:\/\/www.jansons-fuerth.de\/musikunterricht-dossmann-janson\/wp-content\/uploads\/2019\/12\/Joerg-Klavierabend-in-Zdf-150x232.jpg 150w, https:\/\/www.jansons-fuerth.de\/musikunterricht-dossmann-janson\/wp-content\/uploads\/2019\/12\/Joerg-Klavierabend-in-Zdf-200x310.jpg 200w, https:\/\/www.jansons-fuerth.de\/musikunterricht-dossmann-janson\/wp-content\/uploads\/2019\/12\/Joerg-Klavierabend-in-Zdf-300x465.jpg 300w\" sizes=\"auto, (max-width: 435px) 100vw, 435px\" \/><\/figure>\n\n\n\n<p>Klavierabend J\u00f6rg Drechsler in Zirndorf<\/p>\n\n\n\n<hr class=\"wp-block-separator\"\/>\n\n\n\n<figure class=\"wp-block-image imgRahmen\"><img loading=\"lazy\" decoding=\"async\" width=\"437\" height=\"778\" src=\"http:\/\/www.jansons-fuerth.de\/musikunterricht-dossmann-janson\/wp-content\/uploads\/2019\/12\/40RW-Duo-Scherer.jpg\" alt=\"\" class=\"wp-image-270\" srcset=\"https:\/\/www.jansons-fuerth.de\/musikunterricht-dossmann-janson\/wp-content\/uploads\/2019\/12\/40RW-Duo-Scherer.jpg 437w, https:\/\/www.jansons-fuerth.de\/musikunterricht-dossmann-janson\/wp-content\/uploads\/2019\/12\/40RW-Duo-Scherer-169x300.jpg 169w, https:\/\/www.jansons-fuerth.de\/musikunterricht-dossmann-janson\/wp-content\/uploads\/2019\/12\/40RW-Duo-Scherer-100x178.jpg 100w, https:\/\/www.jansons-fuerth.de\/musikunterricht-dossmann-janson\/wp-content\/uploads\/2019\/12\/40RW-Duo-Scherer-150x267.jpg 150w, https:\/\/www.jansons-fuerth.de\/musikunterricht-dossmann-janson\/wp-content\/uploads\/2019\/12\/40RW-Duo-Scherer-200x356.jpg 200w, https:\/\/www.jansons-fuerth.de\/musikunterricht-dossmann-janson\/wp-content\/uploads\/2019\/12\/40RW-Duo-Scherer-300x534.jpg 300w\" sizes=\"auto, (max-width: 437px) 100vw, 437px\" \/><\/figure>\n\n\n\n<p>40. RW \u201cJugend musiziert\u201d N\u00fcrnberg<\/p>\n\n\n\n<hr class=\"wp-block-separator\"\/>\n\n\n\n<figure class=\"wp-block-image imgRahmen\"><img loading=\"lazy\" decoding=\"async\" width=\"435\" height=\"800\" src=\"http:\/\/www.jansons-fuerth.de\/musikunterricht-dossmann-janson\/wp-content\/uploads\/2019\/12\/40RW-Anika-Ann-Christin2.jpg\" alt=\"\" class=\"wp-image-274\" srcset=\"https:\/\/www.jansons-fuerth.de\/musikunterricht-dossmann-janson\/wp-content\/uploads\/2019\/12\/40RW-Anika-Ann-Christin2.jpg 435w, https:\/\/www.jansons-fuerth.de\/musikunterricht-dossmann-janson\/wp-content\/uploads\/2019\/12\/40RW-Anika-Ann-Christin2-163x300.jpg 163w, https:\/\/www.jansons-fuerth.de\/musikunterricht-dossmann-janson\/wp-content\/uploads\/2019\/12\/40RW-Anika-Ann-Christin2-100x184.jpg 100w, https:\/\/www.jansons-fuerth.de\/musikunterricht-dossmann-janson\/wp-content\/uploads\/2019\/12\/40RW-Anika-Ann-Christin2-150x276.jpg 150w, https:\/\/www.jansons-fuerth.de\/musikunterricht-dossmann-janson\/wp-content\/uploads\/2019\/12\/40RW-Anika-Ann-Christin2-200x368.jpg 200w, https:\/\/www.jansons-fuerth.de\/musikunterricht-dossmann-janson\/wp-content\/uploads\/2019\/12\/40RW-Anika-Ann-Christin2-300x552.jpg 300w\" sizes=\"auto, (max-width: 435px) 100vw, 435px\" \/><\/figure>\n\n\n\n<p>40. RW \u201cJugend musiziert\u201d Ansbach<\/p>\n\n\n\n<hr class=\"wp-block-separator\"\/>\n\n\n\n<figure class=\"wp-block-image imgRahmen\"><img loading=\"lazy\" decoding=\"async\" width=\"435\" height=\"745\" src=\"http:\/\/www.jansons-fuerth.de\/musikunterricht-dossmann-janson\/wp-content\/uploads\/2019\/12\/41RW-JanChris-in-ME.jpg\" alt=\"\" class=\"wp-image-275\" srcset=\"https:\/\/www.jansons-fuerth.de\/musikunterricht-dossmann-janson\/wp-content\/uploads\/2019\/12\/41RW-JanChris-in-ME.jpg 435w, https:\/\/www.jansons-fuerth.de\/musikunterricht-dossmann-janson\/wp-content\/uploads\/2019\/12\/41RW-JanChris-in-ME-175x300.jpg 175w, https:\/\/www.jansons-fuerth.de\/musikunterricht-dossmann-janson\/wp-content\/uploads\/2019\/12\/41RW-JanChris-in-ME-100x171.jpg 100w, https:\/\/www.jansons-fuerth.de\/musikunterricht-dossmann-janson\/wp-content\/uploads\/2019\/12\/41RW-JanChris-in-ME-150x257.jpg 150w, https:\/\/www.jansons-fuerth.de\/musikunterricht-dossmann-janson\/wp-content\/uploads\/2019\/12\/41RW-JanChris-in-ME-200x343.jpg 200w, https:\/\/www.jansons-fuerth.de\/musikunterricht-dossmann-janson\/wp-content\/uploads\/2019\/12\/41RW-JanChris-in-ME-300x514.jpg 300w\" sizes=\"auto, (max-width: 435px) 100vw, 435px\" \/><\/figure>\n\n\n\n<p>41. RW \u201cJugend musiziert\u201d N\u00fcrnberg<\/p>\n\n\n\n<hr class=\"wp-block-separator\"\/>\n\n\n\n<h2 class=\"wp-block-heading\" id=\"kompositionen\"> <strong>Kompositionen \/ Urauff\u00fchrungen<\/strong> <\/h2>\n\n\n\n<figure class=\"wp-block-image imgRahmen\"><img loading=\"lazy\" decoding=\"async\" width=\"435\" height=\"648\" src=\"http:\/\/www.jansons-fuerth.de\/musikunterricht-dossmann-janson\/wp-content\/uploads\/2019\/12\/Orgelkonzert-in-Martha.jpg\" alt=\"\" class=\"wp-image-276\" srcset=\"https:\/\/www.jansons-fuerth.de\/musikunterricht-dossmann-janson\/wp-content\/uploads\/2019\/12\/Orgelkonzert-in-Martha.jpg 435w, https:\/\/www.jansons-fuerth.de\/musikunterricht-dossmann-janson\/wp-content\/uploads\/2019\/12\/Orgelkonzert-in-Martha-201x300.jpg 201w, https:\/\/www.jansons-fuerth.de\/musikunterricht-dossmann-janson\/wp-content\/uploads\/2019\/12\/Orgelkonzert-in-Martha-100x149.jpg 100w, https:\/\/www.jansons-fuerth.de\/musikunterricht-dossmann-janson\/wp-content\/uploads\/2019\/12\/Orgelkonzert-in-Martha-150x223.jpg 150w, https:\/\/www.jansons-fuerth.de\/musikunterricht-dossmann-janson\/wp-content\/uploads\/2019\/12\/Orgelkonzert-in-Martha-200x298.jpg 200w, https:\/\/www.jansons-fuerth.de\/musikunterricht-dossmann-janson\/wp-content\/uploads\/2019\/12\/Orgelkonzert-in-Martha-300x447.jpg 300w\" sizes=\"auto, (max-width: 435px) 100vw, 435px\" \/><\/figure>\n\n\n\n<p>Neue Musik in St. Martha, N\u00fcrnberg<\/p>\n\n\n\n<hr class=\"wp-block-separator\"\/>\n\n\n\n<figure class=\"wp-block-image imgRahmen\"><img loading=\"lazy\" decoding=\"async\" width=\"448\" height=\"559\" src=\"http:\/\/www.jansons-fuerth.de\/musikunterricht-dossmann-janson\/wp-content\/uploads\/2019\/12\/Meistersaenger-Konzert-mit-.jpg\" alt=\"\" class=\"wp-image-277\" srcset=\"https:\/\/www.jansons-fuerth.de\/musikunterricht-dossmann-janson\/wp-content\/uploads\/2019\/12\/Meistersaenger-Konzert-mit-.jpg 448w, https:\/\/www.jansons-fuerth.de\/musikunterricht-dossmann-janson\/wp-content\/uploads\/2019\/12\/Meistersaenger-Konzert-mit--240x300.jpg 240w, https:\/\/www.jansons-fuerth.de\/musikunterricht-dossmann-janson\/wp-content\/uploads\/2019\/12\/Meistersaenger-Konzert-mit--100x125.jpg 100w, https:\/\/www.jansons-fuerth.de\/musikunterricht-dossmann-janson\/wp-content\/uploads\/2019\/12\/Meistersaenger-Konzert-mit--150x187.jpg 150w, https:\/\/www.jansons-fuerth.de\/musikunterricht-dossmann-janson\/wp-content\/uploads\/2019\/12\/Meistersaenger-Konzert-mit--200x250.jpg 200w, https:\/\/www.jansons-fuerth.de\/musikunterricht-dossmann-janson\/wp-content\/uploads\/2019\/12\/Meistersaenger-Konzert-mit--300x374.jpg 300w\" sizes=\"auto, (max-width: 448px) 100vw, 448px\" \/><\/figure>\n\n\n\n<p>Meisters\u00e4nger von N\u00fcrnberg in St. Paul, F\u00fcrth<\/p>\n\n\n\n<hr class=\"wp-block-separator\"\/>\n\n\n\n<figure class=\"wp-block-image imgRahmen\"><img loading=\"lazy\" decoding=\"async\" width=\"667\" height=\"822\" src=\"http:\/\/www.jansons-fuerth.de\/musikunterricht-dossmann-janson\/wp-content\/uploads\/2019\/12\/UA-Suite-im-Kufo.jpg\" alt=\"\" class=\"wp-image-278\" srcset=\"https:\/\/www.jansons-fuerth.de\/musikunterricht-dossmann-janson\/wp-content\/uploads\/2019\/12\/UA-Suite-im-Kufo.jpg 667w, https:\/\/www.jansons-fuerth.de\/musikunterricht-dossmann-janson\/wp-content\/uploads\/2019\/12\/UA-Suite-im-Kufo-243x300.jpg 243w, https:\/\/www.jansons-fuerth.de\/musikunterricht-dossmann-janson\/wp-content\/uploads\/2019\/12\/UA-Suite-im-Kufo-100x123.jpg 100w, https:\/\/www.jansons-fuerth.de\/musikunterricht-dossmann-janson\/wp-content\/uploads\/2019\/12\/UA-Suite-im-Kufo-150x185.jpg 150w, https:\/\/www.jansons-fuerth.de\/musikunterricht-dossmann-janson\/wp-content\/uploads\/2019\/12\/UA-Suite-im-Kufo-200x246.jpg 200w, https:\/\/www.jansons-fuerth.de\/musikunterricht-dossmann-janson\/wp-content\/uploads\/2019\/12\/UA-Suite-im-Kufo-300x370.jpg 300w, https:\/\/www.jansons-fuerth.de\/musikunterricht-dossmann-janson\/wp-content\/uploads\/2019\/12\/UA-Suite-im-Kufo-450x555.jpg 450w, https:\/\/www.jansons-fuerth.de\/musikunterricht-dossmann-janson\/wp-content\/uploads\/2019\/12\/UA-Suite-im-Kufo-600x739.jpg 600w\" sizes=\"auto, (max-width: 667px) 100vw, 667px\" \/><\/figure>\n\n\n\n<p>Suite f\u00fcr Streicher und Marimba\/Xylophon<\/p>\n\n\n\n<hr class=\"wp-block-separator\"\/>\n\n\n\n<figure class=\"wp-block-image imgRahmen\"><img loading=\"lazy\" decoding=\"async\" width=\"640\" height=\"556\" src=\"http:\/\/www.jansons-fuerth.de\/musikunterricht-dossmann-janson\/wp-content\/uploads\/2019\/12\/UA-Burleske.jpg\" alt=\"\" class=\"wp-image-279\" srcset=\"https:\/\/www.jansons-fuerth.de\/musikunterricht-dossmann-janson\/wp-content\/uploads\/2019\/12\/UA-Burleske.jpg 640w, https:\/\/www.jansons-fuerth.de\/musikunterricht-dossmann-janson\/wp-content\/uploads\/2019\/12\/UA-Burleske-300x261.jpg 300w, https:\/\/www.jansons-fuerth.de\/musikunterricht-dossmann-janson\/wp-content\/uploads\/2019\/12\/UA-Burleske-100x87.jpg 100w, https:\/\/www.jansons-fuerth.de\/musikunterricht-dossmann-janson\/wp-content\/uploads\/2019\/12\/UA-Burleske-150x130.jpg 150w, https:\/\/www.jansons-fuerth.de\/musikunterricht-dossmann-janson\/wp-content\/uploads\/2019\/12\/UA-Burleske-200x174.jpg 200w, https:\/\/www.jansons-fuerth.de\/musikunterricht-dossmann-janson\/wp-content\/uploads\/2019\/12\/UA-Burleske-450x391.jpg 450w, https:\/\/www.jansons-fuerth.de\/musikunterricht-dossmann-janson\/wp-content\/uploads\/2019\/12\/UA-Burleske-600x521.jpg 600w\" sizes=\"auto, (max-width: 640px) 100vw, 640px\" \/><\/figure>\n\n\n\n<p>Burlesque f\u00fcr Streich- u. Saxophon-Quartett<\/p>\n\n\n\n<hr class=\"wp-block-separator\"\/>\n\n\n\n<figure class=\"wp-block-image imgRahmen\"><img loading=\"lazy\" decoding=\"async\" width=\"441\" height=\"887\" src=\"http:\/\/www.jansons-fuerth.de\/musikunterricht-dossmann-janson\/wp-content\/uploads\/2019\/12\/Sehet-d.-Stern-UA-in-ME.jpg\" alt=\"\" class=\"wp-image-280\" srcset=\"https:\/\/www.jansons-fuerth.de\/musikunterricht-dossmann-janson\/wp-content\/uploads\/2019\/12\/Sehet-d.-Stern-UA-in-ME.jpg 441w, https:\/\/www.jansons-fuerth.de\/musikunterricht-dossmann-janson\/wp-content\/uploads\/2019\/12\/Sehet-d.-Stern-UA-in-ME-149x300.jpg 149w, https:\/\/www.jansons-fuerth.de\/musikunterricht-dossmann-janson\/wp-content\/uploads\/2019\/12\/Sehet-d.-Stern-UA-in-ME-100x201.jpg 100w, https:\/\/www.jansons-fuerth.de\/musikunterricht-dossmann-janson\/wp-content\/uploads\/2019\/12\/Sehet-d.-Stern-UA-in-ME-150x302.jpg 150w, https:\/\/www.jansons-fuerth.de\/musikunterricht-dossmann-janson\/wp-content\/uploads\/2019\/12\/Sehet-d.-Stern-UA-in-ME-200x402.jpg 200w, https:\/\/www.jansons-fuerth.de\/musikunterricht-dossmann-janson\/wp-content\/uploads\/2019\/12\/Sehet-d.-Stern-UA-in-ME-300x603.jpg 300w\" sizes=\"auto, (max-width: 441px) 100vw, 441px\" \/><\/figure>\n\n\n\n<p>\u201cSehet den Stern\u201d in Markt Erlbach<\/p>\n\n\n\n<hr class=\"wp-block-separator\"\/>\n","protected":false},"excerpt":{"rendered":"<p>Hier finden Sie Presseberichte und Zeitungsausschnitte, die sich mit unserer Arbeit und unserer Motivation befassen. Sch\u00fcler in der \u00d6ffentlichkeit Kompositionen \/ Urauff\u00fchrungen Sch\u00fcler in der \u00d6ffentlichkeit Klavierabend J\u00f6rg Drechsler in Zirndorf 40. RW \u201cJugend musiziert\u201d N\u00fcrnberg 40. RW \u201cJugend musiziert\u201d<span class=\"ellipsis\">&hellip;<\/span><\/p>\n<div class=\"read-more\"><a href=\"https:\/\/www.jansons-fuerth.de\/musikunterricht-dossmann-janson\/presse\/\">Weiterlesen &#8250;<\/a><\/div>\n<p><!-- end of .read-more --><\/p>\n","protected":false},"author":1,"featured_media":0,"parent":0,"menu_order":0,"comment_status":"closed","ping_status":"closed","template":"","meta":{"ngg_post_thumbnail":0,"footnotes":""},"class_list":["post-252","page","type-page","status-publish","hentry"],"_links":{"self":[{"href":"https:\/\/www.jansons-fuerth.de\/musikunterricht-dossmann-janson\/wp-json\/wp\/v2\/pages\/252","targetHints":{"allow":["GET"]}}],"collection":[{"href":"https:\/\/www.jansons-fuerth.de\/musikunterricht-dossmann-janson\/wp-json\/wp\/v2\/pages"}],"about":[{"href":"https:\/\/www.jansons-fuerth.de\/musikunterricht-dossmann-janson\/wp-json\/wp\/v2\/types\/page"}],"author":[{"embeddable":true,"href":"https:\/\/www.jansons-fuerth.de\/musikunterricht-dossmann-janson\/wp-json\/wp\/v2\/users\/1"}],"replies":[{"embeddable":true,"href":"https:\/\/www.jansons-fuerth.de\/musikunterricht-dossmann-janson\/wp-json\/wp\/v2\/comments?post=252"}],"version-history":[{"count":20,"href":"https:\/\/www.jansons-fuerth.de\/musikunterricht-dossmann-janson\/wp-json\/wp\/v2\/pages\/252\/revisions"}],"predecessor-version":[{"id":316,"href":"https:\/\/www.jansons-fuerth.de\/musikunterricht-dossmann-janson\/wp-json\/wp\/v2\/pages\/252\/revisions\/316"}],"wp:attachment":[{"href":"https:\/\/www.jansons-fuerth.de\/musikunterricht-dossmann-janson\/wp-json\/wp\/v2\/media?parent=252"}],"curies":[{"name":"wp","href":"https:\/\/api.w.org\/{rel}","templated":true}]}}