{"id":210,"date":"2019-10-24T07:56:49","date_gmt":"2019-10-24T05:56:49","guid":{"rendered":"http:\/\/www.jansons-fuerth.de\/musikunterricht-dossmann-janson\/?page_id=210"},"modified":"2019-11-07T19:42:13","modified_gmt":"2019-11-07T18:42:13","slug":"veranstaltungen","status":"publish","type":"page","link":"https:\/\/www.jansons-fuerth.de\/musikunterricht-dossmann-janson\/veranstaltungen\/","title":{"rendered":"Veranstaltungen"},"content":{"rendered":"\n<p>aktualisiert: 13.07.2019 \u00c4nderungen vorbehalten<\/p>\n\n\n\n<div class=\"table veranstaltungheadlinetable\">\n<div class=\"table-row\">\n<div class=\"table-cell\">\n  <strong class=\"veranstaltungheadlinetabletd\">2019<\/strong>      \n<\/div>\n<div class=\"table-cell\">\n  <strong class=\"veranstaltungheadlinetabletd\">Termin<\/strong>\n<\/div>\n<div class=\"table-cell\">\n    <strong class=\"veranstaltungheadlinetabletd\">Ort<\/strong>\n<\/div>\n<div class=\"table-cell\">\n    <strong class=\"veranstaltungheadlinetabletd\">Zeit<\/strong>\n<\/div>\n<\/div>\n<\/div>\n\n\n\n<div class=\"table veranstaltung\">\n<div class=\"table-row\">\n<div class=\"table-cell\">\n  <strong class=\"lehrerheadlineBlock\">Sch\u00fclerkonzert<\/strong>\n<\/div>\n<div class=\"table-cell\">\n    14. Juli<\/div>\n<div class=\"table-cell\">\n    Rangauhalle Markt Erlbach<\/div>\n<div class=\"table-cell\">\n    11:00<\/div>\n<\/div>\n<\/div>\n\n\n\n<div class=\"table veranstaltung\">\n<div class=\"table-row\">\n<div class=\"table-cell\">\n  <strong class=\"lehrerheadlineBlock\">Sch\u00fclerkonzert<\/strong>\n<\/div>\n<div class=\"table-cell\">\n    15. Juli<\/div>\n<div class=\"table-cell\">\n    Klavier Kreisel, F\u00fcrth Malzb\u00f6den<\/div>\n<div class=\"table-cell\">\n    11:00<\/div>\n<\/div>\n<\/div>\n\n\n\n<hr>\n\n\n\n<h2 class=\"wp-block-heading\">Sch\u00fclerkonzerte<\/h2>\n\n\n\n<p>Einmal im Jahr ihr finden unsere Sch\u00fclerkonzerte in F\u00fcrth und Markt Erlbach statt. Dabei pr\u00e4sentieren unsere Sch\u00fcler ihr St\u00fcck, welches Sie f\u00fcr die Veranstaltung besonders vorbereitet haben.<\/p>\n\n\n\n<figure class=\"wp-block-image imgRahmen\"><img loading=\"lazy\" decoding=\"async\" width=\"1024\" height=\"683\" src=\"http:\/\/www.jansons-fuerth.de\/musikunterricht-dossmann-janson\/wp-content\/uploads\/2019\/11\/IMG_3304-1024x683.jpg\" alt=\"\" class=\"wp-image-241\" srcset=\"https:\/\/www.jansons-fuerth.de\/musikunterricht-dossmann-janson\/wp-content\/uploads\/2019\/11\/IMG_3304-1024x683.jpg 1024w, https:\/\/www.jansons-fuerth.de\/musikunterricht-dossmann-janson\/wp-content\/uploads\/2019\/11\/IMG_3304-300x200.jpg 300w, https:\/\/www.jansons-fuerth.de\/musikunterricht-dossmann-janson\/wp-content\/uploads\/2019\/11\/IMG_3304-768x512.jpg 768w, https:\/\/www.jansons-fuerth.de\/musikunterricht-dossmann-janson\/wp-content\/uploads\/2019\/11\/IMG_3304-100x67.jpg 100w, https:\/\/www.jansons-fuerth.de\/musikunterricht-dossmann-janson\/wp-content\/uploads\/2019\/11\/IMG_3304-150x100.jpg 150w, https:\/\/www.jansons-fuerth.de\/musikunterricht-dossmann-janson\/wp-content\/uploads\/2019\/11\/IMG_3304-200x133.jpg 200w, https:\/\/www.jansons-fuerth.de\/musikunterricht-dossmann-janson\/wp-content\/uploads\/2019\/11\/IMG_3304-450x300.jpg 450w, https:\/\/www.jansons-fuerth.de\/musikunterricht-dossmann-janson\/wp-content\/uploads\/2019\/11\/IMG_3304-600x400.jpg 600w, https:\/\/www.jansons-fuerth.de\/musikunterricht-dossmann-janson\/wp-content\/uploads\/2019\/11\/IMG_3304-900x600.jpg 900w, https:\/\/www.jansons-fuerth.de\/musikunterricht-dossmann-janson\/wp-content\/uploads\/2019\/11\/IMG_3304.jpg 1620w\" sizes=\"auto, (max-width: 1024px) 100vw, 1024px\" \/><\/figure>\n\n\n\n<p>Die Veranstaltung findet in besonderen Location und an in einer besonderes feierlichen Stimmung statt.<br>Alle Sch\u00fcler fiebern ihrem Konzert entgegen und freuen sich, den besonderen Erfolg zu feiern. <\/p>\n\n\n\n<h2 class=\"wp-block-heading\">Jugend Musiziert<\/h2>\n\n\n\n<p>In regelm\u00e4\u00dfigen Zeitabst\u00e4nden findet der Sch\u00fclerwettbewerb der Musikschulen statt.<\/p>\n\n\n\n<p>Wir haben oftmals Sch\u00fcler, die durch ihre Begabung sich daf\u00fcr eignen an dem Wettbewerb teilzunehmen. Daf\u00fcr ben\u00f6tigt es eine besonder und flei\u00dfige Vorbereitung bei der wir unsere Talente gerne unterst\u00fctzen. <\/p>\n\n\n\n<figure class=\"wp-block-image imgRahmen\"><img loading=\"lazy\" decoding=\"async\" width=\"1024\" height=\"768\" src=\"http:\/\/www.jansons-fuerth.de\/musikunterricht-dossmann-janson\/wp-content\/uploads\/2019\/11\/IMG_4453-1024x768.jpg\" alt=\"\" class=\"wp-image-244\" srcset=\"https:\/\/www.jansons-fuerth.de\/musikunterricht-dossmann-janson\/wp-content\/uploads\/2019\/11\/IMG_4453-1024x768.jpg 1024w, https:\/\/www.jansons-fuerth.de\/musikunterricht-dossmann-janson\/wp-content\/uploads\/2019\/11\/IMG_4453-300x225.jpg 300w, https:\/\/www.jansons-fuerth.de\/musikunterricht-dossmann-janson\/wp-content\/uploads\/2019\/11\/IMG_4453-768x576.jpg 768w, https:\/\/www.jansons-fuerth.de\/musikunterricht-dossmann-janson\/wp-content\/uploads\/2019\/11\/IMG_4453-100x75.jpg 100w, https:\/\/www.jansons-fuerth.de\/musikunterricht-dossmann-janson\/wp-content\/uploads\/2019\/11\/IMG_4453-150x113.jpg 150w, https:\/\/www.jansons-fuerth.de\/musikunterricht-dossmann-janson\/wp-content\/uploads\/2019\/11\/IMG_4453-200x150.jpg 200w, https:\/\/www.jansons-fuerth.de\/musikunterricht-dossmann-janson\/wp-content\/uploads\/2019\/11\/IMG_4453-450x338.jpg 450w, https:\/\/www.jansons-fuerth.de\/musikunterricht-dossmann-janson\/wp-content\/uploads\/2019\/11\/IMG_4453-600x450.jpg 600w, https:\/\/www.jansons-fuerth.de\/musikunterricht-dossmann-janson\/wp-content\/uploads\/2019\/11\/IMG_4453-900x675.jpg 900w\" sizes=\"auto, (max-width: 1024px) 100vw, 1024px\" \/><\/figure>\n\n\n\n<p>Ist der gro\u00dfe Tag gekommen, geht es nach einem Aufw\u00e4rmen dann in den Wettbewerb.<\/p>\n\n\n\n<figure class=\"wp-block-image imgRahmen\"><img loading=\"lazy\" decoding=\"async\" width=\"1024\" height=\"684\" src=\"http:\/\/www.jansons-fuerth.de\/musikunterricht-dossmann-janson\/wp-content\/uploads\/2019\/11\/DSC_0426-1024x684.jpg\" alt=\"\" class=\"wp-image-243\" srcset=\"https:\/\/www.jansons-fuerth.de\/musikunterricht-dossmann-janson\/wp-content\/uploads\/2019\/11\/DSC_0426-1024x684.jpg 1024w, https:\/\/www.jansons-fuerth.de\/musikunterricht-dossmann-janson\/wp-content\/uploads\/2019\/11\/DSC_0426-300x201.jpg 300w, https:\/\/www.jansons-fuerth.de\/musikunterricht-dossmann-janson\/wp-content\/uploads\/2019\/11\/DSC_0426-768x513.jpg 768w, https:\/\/www.jansons-fuerth.de\/musikunterricht-dossmann-janson\/wp-content\/uploads\/2019\/11\/DSC_0426-100x67.jpg 100w, https:\/\/www.jansons-fuerth.de\/musikunterricht-dossmann-janson\/wp-content\/uploads\/2019\/11\/DSC_0426-150x100.jpg 150w, https:\/\/www.jansons-fuerth.de\/musikunterricht-dossmann-janson\/wp-content\/uploads\/2019\/11\/DSC_0426-200x134.jpg 200w, https:\/\/www.jansons-fuerth.de\/musikunterricht-dossmann-janson\/wp-content\/uploads\/2019\/11\/DSC_0426-450x301.jpg 450w, https:\/\/www.jansons-fuerth.de\/musikunterricht-dossmann-janson\/wp-content\/uploads\/2019\/11\/DSC_0426-600x401.jpg 600w, https:\/\/www.jansons-fuerth.de\/musikunterricht-dossmann-janson\/wp-content\/uploads\/2019\/11\/DSC_0426-900x602.jpg 900w\" sizes=\"auto, (max-width: 1024px) 100vw, 1024px\" \/><\/figure>\n\n\n\n<p>Im Wettbewerb muss dann alles passen.<\/p>\n\n\n\n<figure class=\"wp-block-image imgRahmen\"><img loading=\"lazy\" decoding=\"async\" width=\"1024\" height=\"684\" src=\"http:\/\/www.jansons-fuerth.de\/musikunterricht-dossmann-janson\/wp-content\/uploads\/2019\/11\/DSC_0452-1024x684.jpg\" alt=\"\" class=\"wp-image-246\" srcset=\"https:\/\/www.jansons-fuerth.de\/musikunterricht-dossmann-janson\/wp-content\/uploads\/2019\/11\/DSC_0452-1024x684.jpg 1024w, https:\/\/www.jansons-fuerth.de\/musikunterricht-dossmann-janson\/wp-content\/uploads\/2019\/11\/DSC_0452-300x201.jpg 300w, https:\/\/www.jansons-fuerth.de\/musikunterricht-dossmann-janson\/wp-content\/uploads\/2019\/11\/DSC_0452-768x513.jpg 768w, https:\/\/www.jansons-fuerth.de\/musikunterricht-dossmann-janson\/wp-content\/uploads\/2019\/11\/DSC_0452-100x67.jpg 100w, https:\/\/www.jansons-fuerth.de\/musikunterricht-dossmann-janson\/wp-content\/uploads\/2019\/11\/DSC_0452-150x100.jpg 150w, https:\/\/www.jansons-fuerth.de\/musikunterricht-dossmann-janson\/wp-content\/uploads\/2019\/11\/DSC_0452-200x134.jpg 200w, https:\/\/www.jansons-fuerth.de\/musikunterricht-dossmann-janson\/wp-content\/uploads\/2019\/11\/DSC_0452-450x301.jpg 450w, https:\/\/www.jansons-fuerth.de\/musikunterricht-dossmann-janson\/wp-content\/uploads\/2019\/11\/DSC_0452-600x401.jpg 600w, https:\/\/www.jansons-fuerth.de\/musikunterricht-dossmann-janson\/wp-content\/uploads\/2019\/11\/DSC_0452-900x602.jpg 900w\" sizes=\"auto, (max-width: 1024px) 100vw, 1024px\" \/><\/figure>\n\n\n\n<p>Damit die Bewertung dem Flei\u00df der Kinder gerecht wird <\/p>\n\n\n\n<figure class=\"wp-block-image imgRahmen\"><img loading=\"lazy\" decoding=\"async\" width=\"1024\" height=\"684\" src=\"http:\/\/www.jansons-fuerth.de\/musikunterricht-dossmann-janson\/wp-content\/uploads\/2019\/11\/DSC_0457-1024x684.jpg\" alt=\"\" class=\"wp-image-247\" srcset=\"https:\/\/www.jansons-fuerth.de\/musikunterricht-dossmann-janson\/wp-content\/uploads\/2019\/11\/DSC_0457-1024x684.jpg 1024w, https:\/\/www.jansons-fuerth.de\/musikunterricht-dossmann-janson\/wp-content\/uploads\/2019\/11\/DSC_0457-300x201.jpg 300w, https:\/\/www.jansons-fuerth.de\/musikunterricht-dossmann-janson\/wp-content\/uploads\/2019\/11\/DSC_0457-768x513.jpg 768w, https:\/\/www.jansons-fuerth.de\/musikunterricht-dossmann-janson\/wp-content\/uploads\/2019\/11\/DSC_0457-100x67.jpg 100w, https:\/\/www.jansons-fuerth.de\/musikunterricht-dossmann-janson\/wp-content\/uploads\/2019\/11\/DSC_0457-150x100.jpg 150w, https:\/\/www.jansons-fuerth.de\/musikunterricht-dossmann-janson\/wp-content\/uploads\/2019\/11\/DSC_0457-200x134.jpg 200w, https:\/\/www.jansons-fuerth.de\/musikunterricht-dossmann-janson\/wp-content\/uploads\/2019\/11\/DSC_0457-450x301.jpg 450w, https:\/\/www.jansons-fuerth.de\/musikunterricht-dossmann-janson\/wp-content\/uploads\/2019\/11\/DSC_0457-600x401.jpg 600w, https:\/\/www.jansons-fuerth.de\/musikunterricht-dossmann-janson\/wp-content\/uploads\/2019\/11\/DSC_0457-900x602.jpg 900w\" sizes=\"auto, (max-width: 1024px) 100vw, 1024px\" \/><\/figure>\n","protected":false},"excerpt":{"rendered":"<p>aktualisiert: 13.07.2019 \u00c4nderungen vorbehalten Sch\u00fclerkonzerte Einmal im Jahr ihr finden unsere Sch\u00fclerkonzerte in F\u00fcrth und Markt Erlbach statt. Dabei pr\u00e4sentieren unsere Sch\u00fcler ihr St\u00fcck, welches Sie f\u00fcr die Veranstaltung besonders vorbereitet haben. Die Veranstaltung findet in besonderen Location und an<span class=\"ellipsis\">&hellip;<\/span><\/p>\n<div class=\"read-more\"><a href=\"https:\/\/www.jansons-fuerth.de\/musikunterricht-dossmann-janson\/veranstaltungen\/\">Weiterlesen &#8250;<\/a><\/div>\n<p><!-- end of .read-more --><\/p>\n","protected":false},"author":1,"featured_media":0,"parent":0,"menu_order":0,"comment_status":"closed","ping_status":"closed","template":"","meta":{"ngg_post_thumbnail":0,"footnotes":""},"class_list":["post-210","page","type-page","status-publish","hentry"],"_links":{"self":[{"href":"https:\/\/www.jansons-fuerth.de\/musikunterricht-dossmann-janson\/wp-json\/wp\/v2\/pages\/210","targetHints":{"allow":["GET"]}}],"collection":[{"href":"https:\/\/www.jansons-fuerth.de\/musikunterricht-dossmann-janson\/wp-json\/wp\/v2\/pages"}],"about":[{"href":"https:\/\/www.jansons-fuerth.de\/musikunterricht-dossmann-janson\/wp-json\/wp\/v2\/types\/page"}],"author":[{"embeddable":true,"href":"https:\/\/www.jansons-fuerth.de\/musikunterricht-dossmann-janson\/wp-json\/wp\/v2\/users\/1"}],"replies":[{"embeddable":true,"href":"https:\/\/www.jansons-fuerth.de\/musikunterricht-dossmann-janson\/wp-json\/wp\/v2\/comments?post=210"}],"version-history":[{"count":16,"href":"https:\/\/www.jansons-fuerth.de\/musikunterricht-dossmann-janson\/wp-json\/wp\/v2\/pages\/210\/revisions"}],"predecessor-version":[{"id":263,"href":"https:\/\/www.jansons-fuerth.de\/musikunterricht-dossmann-janson\/wp-json\/wp\/v2\/pages\/210\/revisions\/263"}],"wp:attachment":[{"href":"https:\/\/www.jansons-fuerth.de\/musikunterricht-dossmann-janson\/wp-json\/wp\/v2\/media?parent=210"}],"curies":[{"name":"wp","href":"https:\/\/api.w.org\/{rel}","templated":true}]}}