{"id":12,"date":"2019-09-12T07:30:24","date_gmt":"2019-09-12T05:30:24","guid":{"rendered":"http:\/\/www.jansons-fuerth.de\/musikunterricht-dossmann-janson\/?page_id=12"},"modified":"2019-09-13T10:46:07","modified_gmt":"2019-09-13T08:46:07","slug":"lehrkraefte","status":"publish","type":"page","link":"https:\/\/www.jansons-fuerth.de\/musikunterricht-dossmann-janson\/lehrkraefte\/","title":{"rendered":"Lehrkr\u00e4fte"},"content":{"rendered":"\n<h2>Gertraud Do\u00dfmann-Janson<\/h2>\n<h3>(Staatl. gepr. Musikp\u00e4dagogin)<\/h3>\n<div class=\"table lehrkraefte\">\n<div class=\"table-row\">\n<div class=\"table-cell\">\n<figure class=\"wp-block-image wp-block-Image imgRahmen\"><img loading=\"lazy\" decoding=\"async\" width=\"160\" height=\"238\" src=\"http:\/\/www.jansons-fuerth.de\/musikunterricht-dossmann-janson\/wp-content\/uploads\/2019\/09\/g-DJ.jpg\" alt=\"\" class=\"wp-image-32\" srcset=\"https:\/\/www.jansons-fuerth.de\/musikunterricht-dossmann-janson\/wp-content\/uploads\/2019\/09\/g-DJ.jpg 160w, https:\/\/www.jansons-fuerth.de\/musikunterricht-dossmann-janson\/wp-content\/uploads\/2019\/09\/g-DJ-100x149.jpg 100w, https:\/\/www.jansons-fuerth.de\/musikunterricht-dossmann-janson\/wp-content\/uploads\/2019\/09\/g-DJ-150x223.jpg 150w\" sizes=\"auto, (max-width: 160px) 100vw, 160px\" \/><\/figure>\n<\/div>\n<div class=\"table-cell\">\n<h5>Klavier<\/h5>\n<ul><li>Erster Klavierunterricht im Alter von 5 Jahren.<\/li><li>Mit 11 Jahren Klavierunterricht bei Prof. Martha-Agnes Benkel<\/li><li>1979-1981 Berufsfachschule f\u00fcr Musik Plattling. Abschluss mit Auszeichnung.<\/li><li>1981-1985 Studium am Meistersinger-Konservatorium der Stadt N\u00fcrnberg mit Klavier (Wolfgang Semig), Blockfl\u00f6te (Birgit Beyer), Cembalo (Oskar Milani), Gesang (Klaus Lange).<\/li><li>Fortbildungskurse bei Prof. Conrad Hansen, Prof. Hans-Peter G\u00f6bels, Prof. Peter Heilbut, Bernhard B\u00f6ttner.<\/li><li>Seit 1987 Mitglied des Gesangsensembles \u201cDie Meisters\u00e4nger von N\u00fcrnberg\u201d mit vielen Fernseh-, Rundfunk und CD-Aufnahmen.<\/li><\/ul>\n<\/div>\n<\/div>\n<\/div>\n\n\n\n<h2>Peter Janson<\/h2>\n<h3>(Staatl. gepr. Musikp\u00e4dagoge, Komponist)<\/h3>\n<div class=\"table lehrkraefte\">\n<div class=\"table-row\">\n<div class=\"table-cell\">\n<figure class=\"wp-block-Image imgRahmen\"><img loading=\"lazy\" decoding=\"async\" width=\"160\" height=\"245\" class=\"wp-image-33\" alt=\"\" src=\"http:\/\/www.jansons-fuerth.de\/musikunterricht-dossmann-janson\/wp-content\/uploads\/2019\/09\/Peter-2016_041_be.png\" srcset=\"https:\/\/www.jansons-fuerth.de\/musikunterricht-dossmann-janson\/wp-content\/uploads\/2019\/09\/Peter-2016_041_be.png 160w, https:\/\/www.jansons-fuerth.de\/musikunterricht-dossmann-janson\/wp-content\/uploads\/2019\/09\/Peter-2016_041_be-100x153.png 100w, https:\/\/www.jansons-fuerth.de\/musikunterricht-dossmann-janson\/wp-content\/uploads\/2019\/09\/Peter-2016_041_be-150x230.png 150w\" sizes=\"auto, (max-width: 160px) 100vw, 160px\" \/><\/figure>\n<\/div>\n<div class=\"table-cell\">\n<h5>Klavier, Querfl\u00f6te, Musiktheorie<\/h5>\n<ul>\n<li>Erster Instrumentalunterricht im Alter von 8 Jahren.<\/li>\n<li>1971-1981 Besuch des \u201cMusikgymnasiums der Regensburger Domspatzen\u201d mit Schallplattenaufnahmen und Rundfunkproduktionen.<\/li>\n<li>1981-1986 Studium am Meistersinger-Konservatorium der Stadt N\u00fcrnberg mit Klavier (Bernhard B\u00f6ttner), Querfl\u00f6te (Gerhard Wiesner), Komposition (Dr. Vivienne Olive und Dr. Wilfried Jentsch).<\/li>\n<li>Fortbildungskurse bei Prof. Conrad Hansen, Prof. Hans-Peter G\u00f6bels, Prof. Peter Heilbut, Bernhard B\u00f6ttner.<\/li>\n<li>Seit 1987 Mitglied des Gesangsensembles \u201cDie Meisters\u00e4nger von N\u00fcrnberg\u201d mit vielen Fernseh-, Rundfunk und CD-Aufnahmen.<\/li>\n<\/ul>\n<\/div>\n<\/div>\n<\/div>\n","protected":false},"excerpt":{"rendered":"","protected":false},"author":1,"featured_media":0,"parent":0,"menu_order":0,"comment_status":"closed","ping_status":"closed","template":"full-width-page.php","meta":{"ngg_post_thumbnail":0,"footnotes":""},"class_list":["post-12","page","type-page","status-publish","hentry"],"_links":{"self":[{"href":"https:\/\/www.jansons-fuerth.de\/musikunterricht-dossmann-janson\/wp-json\/wp\/v2\/pages\/12","targetHints":{"allow":["GET"]}}],"collection":[{"href":"https:\/\/www.jansons-fuerth.de\/musikunterricht-dossmann-janson\/wp-json\/wp\/v2\/pages"}],"about":[{"href":"https:\/\/www.jansons-fuerth.de\/musikunterricht-dossmann-janson\/wp-json\/wp\/v2\/types\/page"}],"author":[{"embeddable":true,"href":"https:\/\/www.jansons-fuerth.de\/musikunterricht-dossmann-janson\/wp-json\/wp\/v2\/users\/1"}],"replies":[{"embeddable":true,"href":"https:\/\/www.jansons-fuerth.de\/musikunterricht-dossmann-janson\/wp-json\/wp\/v2\/comments?post=12"}],"version-history":[{"count":7,"href":"https:\/\/www.jansons-fuerth.de\/musikunterricht-dossmann-janson\/wp-json\/wp\/v2\/pages\/12\/revisions"}],"predecessor-version":[{"id":34,"href":"https:\/\/www.jansons-fuerth.de\/musikunterricht-dossmann-janson\/wp-json\/wp\/v2\/pages\/12\/revisions\/34"}],"wp:attachment":[{"href":"https:\/\/www.jansons-fuerth.de\/musikunterricht-dossmann-janson\/wp-json\/wp\/v2\/media?parent=12"}],"curies":[{"name":"wp","href":"https:\/\/api.w.org\/{rel}","templated":true}]}}